{"id":257,"date":"2025-11-23T15:25:12","date_gmt":"2025-11-23T15:25:12","guid":{"rendered":"https:\/\/ok-box.pl\/?page_id=257"},"modified":"2025-11-23T15:25:42","modified_gmt":"2025-11-23T15:25:42","slug":"sklep","status":"publish","type":"page","link":"https:\/\/ok-box.pl\/index.php\/sklep\/","title":{"rendered":"PRODUKCJA I DYSTRYBUCJA OPAKOWA\u0143 KARTONOWYCH I MATERIA\u0141\u00d3W PAKOWYCH"},"content":{"rendered":"<p style=\"text-align: center;\"><strong>PRODUKCJA I DYSTRYBUCJA OPAKOWA\u0143 KARTONOWYCH I MATERIA\u0141\u00d3W PAKOWYCH<\/strong><\/p>\n<p style=\"text-align: center;\"><em>Strona w modernizacji &#8211; zapraszamy wkr\u00f3tce<\/em><\/p>\n<p>&nbsp;<\/p>\n<p style=\"text-align: center;\"><img loading=\"lazy\" decoding=\"async\" class=\"alignnone size-medium wp-image-243\" src=\"https:\/\/ok-box.pl\/wp-content\/uploads\/2025\/11\/cropped-preview-1-300x300.png\" alt=\"\" width=\"300\" height=\"300\" \/><\/p>\n","protected":false},"excerpt":{"rendered":"<p>PRODUKCJA I DYSTRYBUCJA OPAKOWA\u0143 KARTONOWYCH I MATERIA\u0141\u00d3W PAKOWYCH Strona w modernizacji &#8211; zapraszamy wkr\u00f3tce &nbsp;<\/p>\n","protected":false},"author":1,"featured_media":0,"parent":0,"menu_order":0,"comment_status":"closed","ping_status":"closed","template":"","meta":{"footnotes":""},"class_list":["post-257","page","type-page","status-publish","czr-hentry"],"_links":{"self":[{"href":"https:\/\/ok-box.pl\/index.php\/wp-json\/wp\/v2\/pages\/257","targetHints":{"allow":["GET"]}}],"collection":[{"href":"https:\/\/ok-box.pl\/index.php\/wp-json\/wp\/v2\/pages"}],"about":[{"href":"https:\/\/ok-box.pl\/index.php\/wp-json\/wp\/v2\/types\/page"}],"author":[{"embeddable":true,"href":"https:\/\/ok-box.pl\/index.php\/wp-json\/wp\/v2\/users\/1"}],"replies":[{"embeddable":true,"href":"https:\/\/ok-box.pl\/index.php\/wp-json\/wp\/v2\/comments?post=257"}],"version-history":[{"count":2,"href":"https:\/\/ok-box.pl\/index.php\/wp-json\/wp\/v2\/pages\/257\/revisions"}],"predecessor-version":[{"id":260,"href":"https:\/\/ok-box.pl\/index.php\/wp-json\/wp\/v2\/pages\/257\/revisions\/260"}],"wp:attachment":[{"href":"https:\/\/ok-box.pl\/index.php\/wp-json\/wp\/v2\/media?parent=257"}],"curies":[{"name":"wp","href":"https:\/\/api.w.org\/{rel}","templated":true}]}}