{"id":2,"date":"2021-10-06T10:20:15","date_gmt":"2021-10-06T10:20:15","guid":{"rendered":"https:\/\/ok-box.pl\/?page_id=2"},"modified":"2025-11-23T15:24:32","modified_gmt":"2025-11-23T15:24:32","slug":"o-nas","status":"publish","type":"page","link":"https:\/\/ok-box.pl\/index.php\/o-nas\/","title":{"rendered":"OPAKOWANIA KARTONOWE"},"content":{"rendered":"<h5>_______________<\/h5>\n<p data-start=\"61\" data-end=\"410\"><strong data-start=\"61\" data-end=\"86\">Pakujemy Tw\u00f3j sukces!<\/strong><\/p>\n<p data-start=\"61\" data-end=\"410\"><br data-start=\"86\" data-end=\"89\" \/>Jako specjalista w <strong data-start=\"102\" data-end=\"175\">produkcji i dystrybucji opakowa\u0144 kartonowych oraz materia\u0142\u00f3w pakowych<\/strong> dostarczamy rozwi\u0105zania, kt\u00f3re realnie przyspieszaj\u0105 prac\u0119 i zwi\u0119kszaj\u0105 bezpiecze\u0144stwo produkt\u00f3w. Tworzymy opakowania, kt\u00f3re wytrzymuj\u0105 wi\u0119cej, wygl\u0105daj\u0105 lepiej i sprawiaj\u0105, \u017ce Twoje towary docieraj\u0105 do klient\u00f3w w perfekcyjnym stanie.<\/p>\n<p data-start=\"412\" data-end=\"690\">Nasza oferta to pe\u0142en wachlarz mo\u017cliwo\u015bci \u2013 od solidnych karton\u00f3w i pude\u0142ek fasonowych, przez tektur\u0119 i wype\u0142niacze, po nowoczesne materia\u0142y ochronne. <strong data-start=\"563\" data-end=\"637\">Projektujemy, produkujemy i dopasowujemy opakowania do Twojego biznesu<\/strong>, tak aby pakowanie by\u0142o szybkie, proste i efektywne.<\/p>\n<p data-start=\"692\" data-end=\"852\">Dzi\u0119ki w\u0142asnej dystrybucji i sprawnej logistyce zapewniamy <strong data-start=\"753\" data-end=\"778\">ekspresowe realizacje<\/strong>, wysok\u0105 jako\u015b\u0107 oraz rozwi\u0105zania, kt\u00f3re realnie obni\u017caj\u0105 koszty pakowania.<\/p>\n<p data-start=\"854\" data-end=\"996\"><strong data-start=\"854\" data-end=\"906\">Z nami Twoje produkty s\u0105 zawsze gotowe do drogi.<\/strong><br data-start=\"906\" data-end=\"909\" \/>Opakowania, kt\u00f3re robi\u0105 r\u00f3\u017cnic\u0119 \u2013 wybierz jako\u015b\u0107, kt\u00f3ra nadaje tempo Twojemu biznesowi.<\/p>\n<h5><em>Zapraszamy:<\/em><\/h5>\n<h5><a href=\"https:\/\/ok-box.pl\/index.php\/sklep\/\"><em>www.ok-box.pl\/sklep.pl<\/em><\/a><\/h5>\n<h5><\/h5>\n<p><img loading=\"lazy\" decoding=\"async\" class=\"aligncenter wp-image-243 size-medium\" src=\"https:\/\/ok-box.pl\/wp-content\/uploads\/2025\/11\/cropped-preview-1-300x300.png\" alt=\"\" width=\"300\" height=\"300\" \/><\/p>\n","protected":false},"excerpt":{"rendered":"<p>_______________ Pakujemy Tw\u00f3j sukces! Jako specjalista w produkcji i dystrybucji opakowa\u0144 kartonowych oraz materia\u0142\u00f3w pakowych dostarczamy rozwi\u0105zania, kt\u00f3re realnie przyspieszaj\u0105 prac\u0119 i zwi\u0119kszaj\u0105 bezpiecze\u0144stwo produkt\u00f3w. Tworzymy opakowania, kt\u00f3re wytrzymuj\u0105 wi\u0119cej, wygl\u0105daj\u0105 lepiej i sprawiaj\u0105, \u017ce Twoje towary docieraj\u0105 do klient\u00f3w w perfekcyjnym stanie. Nasza oferta to pe\u0142en wachlarz mo\u017cliwo\u015bci \u2013 od solidnych karton\u00f3w i pude\u0142ek [&hellip;]<\/p>\n","protected":false},"author":1,"featured_media":243,"parent":0,"menu_order":0,"comment_status":"closed","ping_status":"open","template":"","meta":{"footnotes":""},"class_list":["post-2","page","type-page","status-publish","has-post-thumbnail","czr-hentry"],"_links":{"self":[{"href":"https:\/\/ok-box.pl\/index.php\/wp-json\/wp\/v2\/pages\/2","targetHints":{"allow":["GET"]}}],"collection":[{"href":"https:\/\/ok-box.pl\/index.php\/wp-json\/wp\/v2\/pages"}],"about":[{"href":"https:\/\/ok-box.pl\/index.php\/wp-json\/wp\/v2\/types\/page"}],"author":[{"embeddable":true,"href":"https:\/\/ok-box.pl\/index.php\/wp-json\/wp\/v2\/users\/1"}],"replies":[{"embeddable":true,"href":"https:\/\/ok-box.pl\/index.php\/wp-json\/wp\/v2\/comments?post=2"}],"version-history":[{"count":28,"href":"https:\/\/ok-box.pl\/index.php\/wp-json\/wp\/v2\/pages\/2\/revisions"}],"predecessor-version":[{"id":258,"href":"https:\/\/ok-box.pl\/index.php\/wp-json\/wp\/v2\/pages\/2\/revisions\/258"}],"wp:featuredmedia":[{"embeddable":true,"href":"https:\/\/ok-box.pl\/index.php\/wp-json\/wp\/v2\/media\/243"}],"wp:attachment":[{"href":"https:\/\/ok-box.pl\/index.php\/wp-json\/wp\/v2\/media?parent=2"}],"curies":[{"name":"wp","href":"https:\/\/api.w.org\/{rel}","templated":true}]}}