{"id":149,"date":"2021-10-06T14:33:24","date_gmt":"2021-10-06T14:33:24","guid":{"rendered":"https:\/\/ok-box.pl\/?page_id=149"},"modified":"2025-11-23T15:28:04","modified_gmt":"2025-11-23T15:28:04","slug":"sprzedaz-detaliczna","status":"publish","type":"page","link":"https:\/\/ok-box.pl\/index.php\/sprzedaz-detaliczna\/","title":{"rendered":"SPRZEDA\u017b DETALICZNA"},"content":{"rendered":"<h5>_______________<\/h5>\n<h5><em>Szukamy i starannie wybieramy produkty, kt\u00f3re sprawdzaj\u0105 si\u0119 na co dzie\u0144 &#8211; odzie\u017c, ciekawe gad\u017cety i akcesoria przydatne w sporcie, jak i w wolnym czasie. Dzielimy si\u0119 z Wami naszym do\u015bwiadczeniem budowanym przez lata i mamy nadziej\u0119, \u017ce ono oraz czas wk\u0142adany w nasz\u0105 codzienn\u0105 prac\u0119 zaowocuj\u0105 Waszym zadowoleniem.<\/em><\/h5>\n<h5><em>Zapraszamy do naszych w\u0142asnych sklep\u00f3w:<\/em><\/h5>\n<ul>\n<li><a href=\"http:\/\/www.RudyRalph.pl\" target=\"_blank\" rel=\"noopener\"><em>www.RudyRalph.pl<\/em><\/a><\/li>\n<li><a href=\"http:\/\/www.Energia-Sport.pl\" target=\"_blank\" rel=\"noopener\"><em>www.Energia-Sport.pl<\/em><\/a><\/li>\n<li><a href=\"https:\/\/sport-rekreacja.com.pl\/\">www.Sport-Rekreacja.pl<\/a><\/li>\n<\/ul>\n<h5><em>Zapraszamy do sklep\u00f3w obs\u0142ugiwanych przez nasz\u0105 firm\u0119:<\/em><\/h5>\n<ul>\n<li><a href=\"http:\/\/www.gabel.com.pl\" target=\"_blank\" rel=\"noopener\"><em>www.gabel.com.pl<\/em><\/a><\/li>\n<li><a href=\"http:\/\/www.sport-ledlenser.pl\" target=\"_blank\" rel=\"noopener\"><em>www.sport-ledlenser.pl<\/em><\/a><\/li>\n<li><a href=\"http:\/\/www.alpencosmetics.com\" target=\"_blank\" rel=\"noopener\"><em>www.alpencosmetics.com<\/em><\/a><\/li>\n<li><a href=\"http:\/\/www.onlyhot.pl\" target=\"_blank\" rel=\"noopener\"><em>www.onlyhot.pl<\/em><\/a><\/li>\n<\/ul>\n<p>&nbsp;<\/p>\n<p><img loading=\"lazy\" decoding=\"async\" class=\"wp-image-215 size-medium aligncenter\" src=\"https:\/\/ok-box.pl\/wp-content\/uploads\/2021\/10\/rudyralph-300x91.png\" alt=\"\" width=\"300\" height=\"91\" srcset=\"https:\/\/ok-box.pl\/wp-content\/uploads\/2021\/10\/rudyralph-300x91.png 300w, https:\/\/ok-box.pl\/wp-content\/uploads\/2021\/10\/rudyralph-1024x312.png 1024w, https:\/\/ok-box.pl\/wp-content\/uploads\/2021\/10\/rudyralph-768x234.png 768w, https:\/\/ok-box.pl\/wp-content\/uploads\/2021\/10\/rudyralph.png 1126w\" sizes=\"auto, (max-width: 300px) 100vw, 300px\" \/> <img loading=\"lazy\" decoding=\"async\" class=\"aligncenter wp-image-251 size-medium\" src=\"https:\/\/ok-box.pl\/wp-content\/uploads\/2025\/11\/bitmap-e1763910688879-300x75.png\" alt=\"\" width=\"300\" height=\"75\" srcset=\"https:\/\/ok-box.pl\/wp-content\/uploads\/2025\/11\/bitmap-e1763910688879-300x75.png 300w, https:\/\/ok-box.pl\/wp-content\/uploads\/2025\/11\/bitmap-e1763910688879-1024x255.png 1024w, https:\/\/ok-box.pl\/wp-content\/uploads\/2025\/11\/bitmap-e1763910688879-768x191.png 768w, https:\/\/ok-box.pl\/wp-content\/uploads\/2025\/11\/bitmap-e1763910688879-1110x280.png 1110w, https:\/\/ok-box.pl\/wp-content\/uploads\/2025\/11\/bitmap-e1763910688879.png 1123w\" sizes=\"auto, (max-width: 300px) 100vw, 300px\" \/><\/p>\n<p><img loading=\"lazy\" decoding=\"async\" class=\"aligncenter wp-image-246 size-medium\" src=\"https:\/\/ok-box.pl\/wp-content\/uploads\/2025\/11\/sport-rekreacja.com_.pl_logotyp-300x171.jpg\" alt=\"\" width=\"300\" height=\"171\" srcset=\"https:\/\/ok-box.pl\/wp-content\/uploads\/2025\/11\/sport-rekreacja.com_.pl_logotyp-300x171.jpg 300w, https:\/\/ok-box.pl\/wp-content\/uploads\/2025\/11\/sport-rekreacja.com_.pl_logotyp-1024x585.jpg 1024w, https:\/\/ok-box.pl\/wp-content\/uploads\/2025\/11\/sport-rekreacja.com_.pl_logotyp-768x438.jpg 768w, https:\/\/ok-box.pl\/wp-content\/uploads\/2025\/11\/sport-rekreacja.com_.pl_logotyp.jpg 1200w\" sizes=\"auto, (max-width: 300px) 100vw, 300px\" \/><img loading=\"lazy\" decoding=\"async\" class=\"size-medium wp-image-158 aligncenter\" src=\"https:\/\/ok-box.pl\/wp-content\/uploads\/2021\/10\/logo-pod-allegro_2-300x83.jpg\" alt=\"\" width=\"300\" height=\"83\" srcset=\"https:\/\/ok-box.pl\/wp-content\/uploads\/2021\/10\/logo-pod-allegro_2-300x83.jpg 300w, https:\/\/ok-box.pl\/wp-content\/uploads\/2021\/10\/logo-pod-allegro_2.jpg 636w\" sizes=\"auto, (max-width: 300px) 100vw, 300px\" \/> <img loading=\"lazy\" decoding=\"async\" class=\"size-medium wp-image-159 aligncenter\" src=\"https:\/\/ok-box.pl\/wp-content\/uploads\/2021\/10\/Ledlenser-logo-Rudy-Ralph-small-300x46.png\" alt=\"\" width=\"300\" height=\"46\" srcset=\"https:\/\/ok-box.pl\/wp-content\/uploads\/2021\/10\/Ledlenser-logo-Rudy-Ralph-small-300x46.png 300w, https:\/\/ok-box.pl\/wp-content\/uploads\/2021\/10\/Ledlenser-logo-Rudy-Ralph-small-768x118.png 768w, https:\/\/ok-box.pl\/wp-content\/uploads\/2021\/10\/Ledlenser-logo-Rudy-Ralph-small.png 1000w\" sizes=\"auto, (max-width: 300px) 100vw, 300px\" \/> <img loading=\"lazy\" decoding=\"async\" class=\"size-full wp-image-160 aligncenter\" src=\"https:\/\/ok-box.pl\/wp-content\/uploads\/2021\/10\/logo.jpg\" alt=\"\" width=\"230\" height=\"220\" \/> <img loading=\"lazy\" decoding=\"async\" class=\"size-full wp-image-161 aligncenter\" src=\"https:\/\/ok-box.pl\/wp-content\/uploads\/2021\/10\/logo-Alpen-blue.png\" alt=\"\" width=\"136\" height=\"54\" \/><\/p>\n","protected":false},"excerpt":{"rendered":"<p>_______________ Szukamy i starannie wybieramy produkty, kt\u00f3re sprawdzaj\u0105 si\u0119 na co dzie\u0144 &#8211; odzie\u017c, ciekawe gad\u017cety i akcesoria przydatne w sporcie, jak i w wolnym czasie. Dzielimy si\u0119 z Wami naszym do\u015bwiadczeniem budowanym przez lata i mamy nadziej\u0119, \u017ce ono oraz czas wk\u0142adany w nasz\u0105 codzienn\u0105 prac\u0119 zaowocuj\u0105 Waszym zadowoleniem. Zapraszamy do naszych w\u0142asnych sklep\u00f3w: [&hellip;]<\/p>\n","protected":false},"author":1,"featured_media":54,"parent":0,"menu_order":0,"comment_status":"closed","ping_status":"closed","template":"","meta":{"footnotes":""},"class_list":["post-149","page","type-page","status-publish","has-post-thumbnail","czr-hentry"],"_links":{"self":[{"href":"https:\/\/ok-box.pl\/index.php\/wp-json\/wp\/v2\/pages\/149","targetHints":{"allow":["GET"]}}],"collection":[{"href":"https:\/\/ok-box.pl\/index.php\/wp-json\/wp\/v2\/pages"}],"about":[{"href":"https:\/\/ok-box.pl\/index.php\/wp-json\/wp\/v2\/types\/page"}],"author":[{"embeddable":true,"href":"https:\/\/ok-box.pl\/index.php\/wp-json\/wp\/v2\/users\/1"}],"replies":[{"embeddable":true,"href":"https:\/\/ok-box.pl\/index.php\/wp-json\/wp\/v2\/comments?post=149"}],"version-history":[{"count":15,"href":"https:\/\/ok-box.pl\/index.php\/wp-json\/wp\/v2\/pages\/149\/revisions"}],"predecessor-version":[{"id":262,"href":"https:\/\/ok-box.pl\/index.php\/wp-json\/wp\/v2\/pages\/149\/revisions\/262"}],"wp:featuredmedia":[{"embeddable":true,"href":"https:\/\/ok-box.pl\/index.php\/wp-json\/wp\/v2\/media\/54"}],"wp:attachment":[{"href":"https:\/\/ok-box.pl\/index.php\/wp-json\/wp\/v2\/media?parent=149"}],"curies":[{"name":"wp","href":"https:\/\/api.w.org\/{rel}","templated":true}]}}